{"id":337,"date":"2025-05-14T20:44:12","date_gmt":"2025-05-14T17:44:12","guid":{"rendered":"https:\/\/lh47.q-wa.ru\/privacy-policy\/"},"modified":"2025-05-19T01:12:31","modified_gmt":"2025-05-18T22:12:31","slug":"privacy-policy","status":"publish","type":"page","link":"https:\/\/lh47.q-wa.ru\/ro\/privacy-policy\/","title":{"rendered":"Politica de confiden\u021bialitate"},"content":{"rendered":"\n<h2 class=\"wp-block-heading\">Cine suntem<\/h2>\n\n\n\n<p>Text sugerat: Adresa site-ului nostru web: http:\/\/lh47.op.<\/p>\n\n\n\n<h2 class=\"wp-block-heading\">Comentarii<\/h2>\n\n\n\n<p>Text sugerat: C\u00e2nd un vizitator las\u0103 un comentariu pe site, colect\u0103m datele afi\u0219ate \u00een formularul de comentarii, precum \u0219i adresa IP a vizitatorului \u0219i \u0219irul de caractere user agent al browserului pentru a ajuta la detectarea spamului.<\/p>\n\n\n\n<p>Un \u0219ir anonimizat creat din adresa dvs. de e-mail (un \u201ehash\u201d) poate fi furnizat serviciului Gravatar pentru a vedea dac\u0103 \u00eel utiliza\u021bi. Politica de confiden\u021bialitate a Gravatar este disponibil\u0103 aici: https:\/\/automattic.com\/privacy\/. Dup\u0103 aprobarea comentariului t\u0103u, fotografia ta de profil va fi vizibil\u0103 public \u00een contextul comentariului t\u0103u.<\/p>\n\n\n\n<h2 class=\"wp-block-heading\">Fi\u0219iere media<\/h2>\n\n\n\n<p>Text sugerat: Dac\u0103 sunte\u021bi un utilizator \u00eenregistrat \u0219i \u00eenc\u0103rca\u021bi fotografii pe site, este recomandat s\u0103 evita\u021bi \u00eenc\u0103rcarea imaginilor cu metadate EXIF, deoarece acestea pot con\u021bine datele dvs. de loca\u021bie GPS. Vizitatorii pot extrage aceste informa\u021bii desc\u0103rc\u00e2nd imagini de pe site.<\/p>\n\n\n\n<h2 class=\"wp-block-heading\">Cookie-uri<\/h2>\n\n\n\n<p>Text sugerat: Dac\u0103 l\u0103sa\u021bi un comentariu pe site-ul nostru, pute\u021bi opta pentru salvarea numelui, adresei de e-mail \u0219i a site-ului web \u00een cookie-uri. Acest lucru este f\u0103cut pentru confortul dumneavoastr\u0103, astfel \u00eenc\u00e2t s\u0103 nu fie nevoie s\u0103 completa\u021bi din nou datele atunci c\u00e2nd comenta\u021bi din nou. Aceste cookie-uri sunt stocate timp de un an.<\/p>\n\n\n\n<p>Dac\u0103 ave\u021bi un cont pe acest site \u0219i v\u0103 conecta\u021bi, vom seta un cookie temporar pentru a determina dac\u0103 browserul dvs. accept\u0103 cookie-uri. Acest cookie nu con\u021bine date personale \u0219i este \u0219ters c\u00e2nd \u00eenchide\u021bi browserul.<\/p>\n\n\n\n<p>C\u00e2nd v\u0103 conecta\u021bi, vom seta \u0219i mai multe cookie-uri pentru a salva informa\u021biile de conectare \u0219i op\u021biunile de afi\u0219are a ecranului. Cookie-urile de conectare sunt valabile dou\u0103 zile, iar cookie-urile pentru op\u021biunile de ecran sunt valabile un an. Dac\u0103 selecta\u021bi op\u021biunea \u201e\u021aine-m\u0103 minte\u201d, informa\u021biile dvs. de conectare vor fi salvate timp de dou\u0103 s\u0103pt\u0103m\u00e2ni. C\u00e2nd v\u0103 deconecta\u021bi de la contul dvs., cookie-urile de conectare vor fi \u0219terse.<\/p>\n\n\n\n<p>C\u00e2nd edita\u021bi sau publica\u021bi un articol, \u00een browser va fi salvat un cookie suplimentar, acesta nu con\u021bine date personale \u0219i con\u021bine doar ID-ul intr\u0103rii pe care a\u021bi editat-o, expir\u0103 dup\u0103 1 zi.<\/p>\n\n\n\n<h2 class=\"wp-block-heading\">Con\u021binut \u00eencorporat de pe alte site-uri web<\/h2>\n\n\n\n<p>Text sugerat: Articolele de pe acest site pot include con\u021binut \u00eencorporat (de exemplu, videoclipuri, imagini, articole etc.). Con\u021binutul \u00eencorporat de pe alte site-uri web se comport\u0103 exact la fel ca \u0219i cum vizitatorul ar fi vizitat cel\u0103lalt site web.<\/p>\n\n\n\n<p>Aceste site-uri web pot colecta date despre dvs., pot utiliza cookie-uri, pot \u00eencorpora urm\u0103rire suplimentar\u0103 de la ter\u021bi \u0219i pot monitoriza interac\u021biunea dvs. cu con\u021binutul \u00eencorporat respectiv, inclusiv urm\u0103rirea interac\u021biunii dvs. cu con\u021binutul \u00eencorporat dac\u0103 ave\u021bi un cont \u0219i sunte\u021bi conectat la site-ul web respectiv.<\/p>\n\n\n\n<h2 class=\"wp-block-heading\">Cu cine partaj\u0103m datele dumneavoastr\u0103<\/h2>\n\n\n\n<p>Text sugerat: Dac\u0103 solicita\u021bi o resetare a parolei, adresa IP va fi inclus\u0103 \u00een e-mailul de resetare.<\/p>\n\n\n\n<h2 class=\"wp-block-heading\">C\u00e2t timp stoc\u0103m datele dumneavoastr\u0103?<\/h2>\n\n\n\n<p>Text sugerat: Dac\u0103 la\u0219i un comentariu, comentariul \u0219i metadatele sale sunt p\u0103strate pe termen nelimitat. Astfel, putem recunoa\u0219te \u0219i aproba automat orice comentarii ulterioare, \u00een loc s\u0103 le \u021binem \u00eentr-o coad\u0103 de moderare.<\/p>\n\n\n\n<p>Pentru utilizatorii care se \u00eenregistreaz\u0103 pe site-ul nostru, stoc\u0103m informa\u021biile personale pe care le furnizeaz\u0103 \u00een profilul lor. To\u021bi utilizatorii pot vedea, edita sau \u0219terge informa\u021biile profilului lor \u00een orice moment (cu excep\u021bia numelui de utilizator). Administra\u021bia site-ului web poate, de asemenea, s\u0103 vad\u0103 \u0219i s\u0103 modifice aceste informa\u021bii.<\/p>\n\n\n\n<h2 class=\"wp-block-heading\">Ce drepturi ave\u021bi asupra datelor dumneavoastr\u0103?<\/h2>\n\n\n\n<p>Text sugerat: Dac\u0103 ave\u021bi un cont pe acest site sau a\u021bi l\u0103sat comentarii, pute\u021bi solicita s\u0103 primi\u021bi un fi\u0219ier exportat cu datele personale pe care le de\u021binem despre dvs., inclusiv orice date pe care ni le-a\u021bi furnizat. De asemenea, pute\u021bi solicita \u0219tergerea acestor date, aceasta nu include datele pe care suntem obliga\u021bi s\u0103 le p\u0103str\u0103m \u00een scopuri administrative, legale sau de securitate.<\/p>\n\n\n\n<h2 class=\"wp-block-heading\">Unde sunt trimise datele dumneavoastr\u0103<\/h2>\n\n\n\n<p>Text sugerat: Comentariile utilizatorilor pot fi verificate prin intermediul unui serviciu automat de detectare a spamului.<\/p>\n","protected":false},"excerpt":{"rendered":"<p>Cine suntem Text sugerat: Adresa site-ului nostru web: http:\/\/lh47.op. Comentarii Text sugerat: C\u00e2nd un vizitator las\u0103 un comentariu pe site, colect\u0103m datele afi\u0219ate \u00een formularul de comentarii, precum \u0219i adresa IP a vizitatorului \u0219i \u0219irul de caractere user agent al browserului pentru a ajuta la detectarea spamului. Un \u0219ir anonimizat creat din adresa dvs. de [&hellip;]<\/p>\n","protected":false},"author":1,"featured_media":0,"parent":0,"menu_order":0,"comment_status":"closed","ping_status":"closed","template":"","meta":{"footnotes":""},"class_list":["post-337","page","type-page","status-publish","hentry"],"acf":[],"yoast_head":"<!-- This site is optimized with the Yoast SEO plugin v25.1 - https:\/\/yoast.com\/wordpress\/plugins\/seo\/ -->\n<title>Politica de confiden\u021bialitate | LH47<\/title>\n<meta name=\"robots\" content=\"noindex, follow, max-snippet:-1, max-image-preview:large, max-video-preview:-1\" \/>\n<meta property=\"og:locale\" content=\"ro_RO\" \/>\n<meta property=\"og:type\" content=\"article\" \/>\n<meta property=\"og:title\" content=\"Politica de confiden\u021bialitate | LH47\" \/>\n<meta property=\"og:description\" content=\"Cine suntem Text sugerat: Adresa site-ului nostru web: http:\/\/lh47.op. Comentarii Text sugerat: C\u00e2nd un vizitator las\u0103 un comentariu pe site, colect\u0103m datele afi\u0219ate \u00een formularul de comentarii, precum \u0219i adresa IP a vizitatorului \u0219i \u0219irul de caractere user agent al browserului pentru a ajuta la detectarea spamului. Un \u0219ir anonimizat creat din adresa dvs. de [&hellip;]\" \/>\n<meta property=\"og:url\" content=\"https:\/\/lh47.q-wa.ru\/ro\/privacy-policy\/\" \/>\n<meta property=\"og:site_name\" content=\"LH47\" \/>\n<meta property=\"article:modified_time\" content=\"2025-05-18T22:12:31+00:00\" \/>\n<meta name=\"twitter:card\" content=\"summary_large_image\" \/>\n<meta name=\"twitter:label1\" content=\"Timp estimat pentru citire\" \/>\n\t<meta name=\"twitter:data1\" content=\"4 minute\" \/>\n<script type=\"application\/ld+json\" class=\"yoast-schema-graph\">{\"@context\":\"https:\/\/schema.org\",\"@graph\":[{\"@type\":\"WebPage\",\"@id\":\"https:\/\/lh47.q-wa.ru\/ro\/privacy-policy\/\",\"url\":\"https:\/\/lh47.q-wa.ru\/ro\/privacy-policy\/\",\"name\":\"Politica de confiden\u021bialitate | LH47\",\"isPartOf\":{\"@id\":\"https:\/\/lh47.q-wa.ru\/#website\"},\"datePublished\":\"2025-05-14T17:44:12+00:00\",\"dateModified\":\"2025-05-18T22:12:31+00:00\",\"breadcrumb\":{\"@id\":\"https:\/\/lh47.q-wa.ru\/ro\/privacy-policy\/#breadcrumb\"},\"inLanguage\":\"ro-RO\",\"potentialAction\":[{\"@type\":\"ReadAction\",\"target\":[\"https:\/\/lh47.q-wa.ru\/ro\/privacy-policy\/\"]}]},{\"@type\":\"BreadcrumbList\",\"@id\":\"https:\/\/lh47.q-wa.ru\/ro\/privacy-policy\/#breadcrumb\",\"itemListElement\":[{\"@type\":\"ListItem\",\"position\":1,\"name\":\"\u0413\u043b\u0430\u0432\u043d\u0430\u044f \u0441\u0442\u0440\u0430\u043d\u0438\u0446\u0430\",\"item\":\"https:\/\/lh47.q-wa.ru\/ro\/\"},{\"@type\":\"ListItem\",\"position\":2,\"name\":\"Politica de confiden\u021bialitate\"}]},{\"@type\":\"WebSite\",\"@id\":\"https:\/\/lh47.q-wa.ru\/#website\",\"url\":\"https:\/\/lh47.q-wa.ru\/\",\"name\":\"LH47\",\"description\":\"\",\"potentialAction\":[{\"@type\":\"SearchAction\",\"target\":{\"@type\":\"EntryPoint\",\"urlTemplate\":\"https:\/\/lh47.q-wa.ru\/?s={search_term_string}\"},\"query-input\":{\"@type\":\"PropertyValueSpecification\",\"valueRequired\":true,\"valueName\":\"search_term_string\"}}],\"inLanguage\":\"ro-RO\"}]}<\/script>\n<!-- \/ Yoast SEO plugin. -->","yoast_head_json":{"title":"Politica de confiden\u021bialitate | LH47","robots":{"index":"noindex","follow":"follow","max-snippet":"max-snippet:-1","max-image-preview":"max-image-preview:large","max-video-preview":"max-video-preview:-1"},"og_locale":"ro_RO","og_type":"article","og_title":"Politica de confiden\u021bialitate | LH47","og_description":"Cine suntem Text sugerat: Adresa site-ului nostru web: http:\/\/lh47.op. Comentarii Text sugerat: C\u00e2nd un vizitator las\u0103 un comentariu pe site, colect\u0103m datele afi\u0219ate \u00een formularul de comentarii, precum \u0219i adresa IP a vizitatorului \u0219i \u0219irul de caractere user agent al browserului pentru a ajuta la detectarea spamului. Un \u0219ir anonimizat creat din adresa dvs. de [&hellip;]","og_url":"https:\/\/lh47.q-wa.ru\/ro\/privacy-policy\/","og_site_name":"LH47","article_modified_time":"2025-05-18T22:12:31+00:00","twitter_card":"summary_large_image","twitter_misc":{"Timp estimat pentru citire":"4 minute"},"schema":{"@context":"https:\/\/schema.org","@graph":[{"@type":"WebPage","@id":"https:\/\/lh47.q-wa.ru\/ro\/privacy-policy\/","url":"https:\/\/lh47.q-wa.ru\/ro\/privacy-policy\/","name":"Politica de confiden\u021bialitate | LH47","isPartOf":{"@id":"https:\/\/lh47.q-wa.ru\/#website"},"datePublished":"2025-05-14T17:44:12+00:00","dateModified":"2025-05-18T22:12:31+00:00","breadcrumb":{"@id":"https:\/\/lh47.q-wa.ru\/ro\/privacy-policy\/#breadcrumb"},"inLanguage":"ro-RO","potentialAction":[{"@type":"ReadAction","target":["https:\/\/lh47.q-wa.ru\/ro\/privacy-policy\/"]}]},{"@type":"BreadcrumbList","@id":"https:\/\/lh47.q-wa.ru\/ro\/privacy-policy\/#breadcrumb","itemListElement":[{"@type":"ListItem","position":1,"name":"\u0413\u043b\u0430\u0432\u043d\u0430\u044f \u0441\u0442\u0440\u0430\u043d\u0438\u0446\u0430","item":"https:\/\/lh47.q-wa.ru\/ro\/"},{"@type":"ListItem","position":2,"name":"Politica de confiden\u021bialitate"}]},{"@type":"WebSite","@id":"https:\/\/lh47.q-wa.ru\/#website","url":"https:\/\/lh47.q-wa.ru\/","name":"LH47","description":"","potentialAction":[{"@type":"SearchAction","target":{"@type":"EntryPoint","urlTemplate":"https:\/\/lh47.q-wa.ru\/?s={search_term_string}"},"query-input":{"@type":"PropertyValueSpecification","valueRequired":true,"valueName":"search_term_string"}}],"inLanguage":"ro-RO"}]}},"_links":{"self":[{"href":"https:\/\/lh47.q-wa.ru\/ro\/wp-json\/wp\/v2\/pages\/337","targetHints":{"allow":["GET"]}}],"collection":[{"href":"https:\/\/lh47.q-wa.ru\/ro\/wp-json\/wp\/v2\/pages"}],"about":[{"href":"https:\/\/lh47.q-wa.ru\/ro\/wp-json\/wp\/v2\/types\/page"}],"author":[{"embeddable":true,"href":"https:\/\/lh47.q-wa.ru\/ro\/wp-json\/wp\/v2\/users\/1"}],"replies":[{"embeddable":true,"href":"https:\/\/lh47.q-wa.ru\/ro\/wp-json\/wp\/v2\/comments?post=337"}],"version-history":[{"count":2,"href":"https:\/\/lh47.q-wa.ru\/ro\/wp-json\/wp\/v2\/pages\/337\/revisions"}],"predecessor-version":[{"id":341,"href":"https:\/\/lh47.q-wa.ru\/ro\/wp-json\/wp\/v2\/pages\/337\/revisions\/341"}],"wp:attachment":[{"href":"https:\/\/lh47.q-wa.ru\/ro\/wp-json\/wp\/v2\/media?parent=337"}],"curies":[{"name":"wp","href":"https:\/\/api.w.org\/{rel}","templated":true}]}}